{"id":141835,"date":"2024-09-06T12:10:20","date_gmt":"2024-09-06T11:10:20","guid":{"rendered":"https:\/\/pleniluniosantacruz.com\/privacy-policy\/"},"modified":"2025-09-18T11:23:37","modified_gmt":"2025-09-18T10:23:37","slug":"privacy-policy","status":"publish","type":"page","link":"https:\/\/pleniluniosantacruz.com\/en\/privacy-policy\/","title":{"rendered":"Privacy Policy"},"content":{"rendered":"<div class=\"wpb-content-wrapper\"><p>[vc_row unlock_row_content=&#8221;yes&#8221; row_height_percent=&#8221;0&#8243; override_padding=&#8221;yes&#8221; h_padding=&#8221;0&#8243; top_padding=&#8221;0&#8243; bottom_padding=&#8221;0&#8243; back_image=&#8221;141300&#8243; overlay_alpha=&#8221;50&#8243; gutter_size=&#8221;0&#8243; column_width_percent=&#8221;100&#8243; shift_y=&#8221;0&#8243; z_index=&#8221;0&#8243; uncode_shortcode_id=&#8221;801793&#8243; css=&#8221;.vc_custom_1725545981205{border-right-width: 0px !important;border-left-width: 0px !important;padding-right: 0px !important;padding-left: 0px !important;}&#8221; back_color_type=&#8221;uncode-solid&#8221; back_color_solid=&#8221;#34153e&#8221;][vc_column column_width_percent=&#8221;100&#8243; position_vertical=&#8221;middle&#8221; gutter_size=&#8221;3&#8243; overlay_alpha=&#8221;50&#8243; shift_x=&#8221;0&#8243; shift_y=&#8221;0&#8243; shift_y_down=&#8221;0&#8243; z_index=&#8221;0&#8243; medium_width=&#8221;0&#8243; mobile_width=&#8221;0&#8243; width=&#8221;1\/1&#8243; uncode_shortcode_id=&#8221;925381&#8243; css=&#8221;.vc_custom_1725530642455{padding-top: 5% !important;padding-bottom: 5% !important;padding-left: 10% !important;}&#8221;][vc_custom_heading heading_semantic=&#8221;h1&#8243; text_size=&#8221;custom&#8221; uncode_shortcode_id=&#8221;121308&#8243; heading_custom_size=&#8221;70&#8243;]<span style=\"color: #ffffff;\">Privacy Policy<\/span>[\/vc_custom_heading][\/vc_column][\/vc_row][vc_row unlock_row_content=&#8221;yes&#8221; row_height_percent=&#8221;0&#8243; override_padding=&#8221;yes&#8221; h_padding=&#8221;0&#8243; top_padding=&#8221;0&#8243; bottom_padding=&#8221;0&#8243; overlay_alpha=&#8221;50&#8243; gutter_size=&#8221;0&#8243; column_width_percent=&#8221;100&#8243; shift_y=&#8221;0&#8243; z_index=&#8221;0&#8243; uncode_shortcode_id=&#8221;169324&#8243; css=&#8221;.vc_custom_1725620939338{border-right-width: 0px !important;border-left-width: 0px !important;padding-right: 0px !important;padding-left: 0px !important;}&#8221; back_color_type=&#8221;uncode-solid&#8221; back_color_solid=&#8221;#ffffff&#8221;][vc_column column_width_percent=&#8221;100&#8243; position_vertical=&#8221;middle&#8221; gutter_size=&#8221;3&#8243; overlay_alpha=&#8221;50&#8243; shift_x=&#8221;0&#8243; shift_y=&#8221;0&#8243; shift_y_down=&#8221;0&#8243; z_index=&#8221;0&#8243; medium_width=&#8221;0&#8243; mobile_width=&#8221;0&#8243; width=&#8221;1\/1&#8243; uncode_shortcode_id=&#8221;925381&#8243; css=&#8221;.vc_custom_1725530642455{padding-top: 5% !important;padding-bottom: 5% !important;padding-left: 10% !important;}&#8221;][vc_column_text uncode_shortcode_id=&#8221;541857&#8243;]<\/p>\n<div class=\"vc_custom_heading_wrap \">\n<div class=\"heading-text el-text\">\n<h1 class=\"font-156269 h2\">POL\u00cdTICA DE PRIVACIDAD<\/h1>\n<\/div>\n<\/div>\n<div class=\"uncode_text_column\">\n<p class=\"p1\">Los datos de car\u00e1cter personal que se faciliten por v\u00eda electr\u00f3nica mediante los formularios que hay en el sitio web ser\u00e1n tratados para atender a su solicitud, enviarle publicidad de nuestros productos\/servicios por cualquier medio (f\u00edsico o electr\u00f3nico) e invitarles a eventos organizados por la empresa. Los datos del tratamiento son:<\/p>\n<p class=\"p1\"><strong>\u00bfQui\u00e9n es el responsable?<\/strong><\/p>\n<p class=\"p1\">Responsable:<\/p>\n<p class=\"p1\">Sociedad de Desarrollo de Santa Cruz de Tenerife SAU. Registrada en el Registro Mercantil de S.C. de Tenerife Tomo 1946, Folio 34, Hoja TF 22419con CIF A-38572327.<\/p>\n<p class=\"p1\">Direcci\u00f3n: Plaza V\u00edctimas del Terrorismo 1 \u2013 38003 Santa Cruz de Tenerife<\/p>\n<p class=\"p1\">Tel\u00e9fono: 922533353<\/p>\n<p class=\"p1\">Correo:\u00a0<span class=\"s1\"><a href=\"mailto:jcbetancort@sociedad-desarrollo.com\">jcbetancort@sociedad-desarrollo.com<\/a><\/span><\/p>\n<p class=\"p1\"><strong>\u00bfQui\u00e9n es el delegado de protecci\u00f3n de datos?<\/strong><\/p>\n<p class=\"p1\">DPD: Miguel \u00c1ngel \u00c1lvarez D\u00edaz<\/p>\n<p class=\"p1\">Direcci\u00f3n: Avenida Rep\u00fablica Argentina 79 \u2013 38208 San Crist\u00f3bal de La Laguna<\/p>\n<p class=\"p1\">Tel\u00e9fono: 922325782<\/p>\n<p class=\"p1\">Correo:\u00a0<span class=\"s1\"><a href=\"mailto:dpo@gextiona.com\">dpo@gextiona.com<\/a><\/span><\/p>\n<p class=\"p1\"><strong>\u00bfCon qu\u00e9 finalidad tratamos sus datos personales?<\/strong><\/p>\n<p class=\"p1\">Con la finalidad de poderle ofrecer productos y servicios de acuerdo con sus intereses, mejorar su experiencia de usuario elaboraremos un perfil comercial en base a la informaci\u00f3n facilitada. No se tomar\u00e1n decisiones automatizadas en base a ese perfil.<\/p>\n<p class=\"p1\">Cumplir con la relaci\u00f3n contractual de participaci\u00f3n en el proyecto \u201c<strong>WEB DE PLENILUNIO SANTA CRUZ<\/strong>\u201d<\/p>\n<p class=\"p1\"><strong>Enviar informaci\u00f3n y prospecci\u00f3n comercial.<\/strong><\/p>\n<p class=\"p1\">Gesti\u00f3n de los contenidos de la propia p\u00e1gina web, recibir comunicaciones electr\u00f3nicas (correos electr\u00f3nicos, WhatsApp, sms, etc.), llamadas telef\u00f3nicas relacionadas con proyectos, subvenciones, promociones y servicios municipales de inter\u00e9s para las empresas locales.<\/p>\n<p class=\"p1\">Promoci\u00f3n de los comercios en redes sociales. Utilizar sus datos para la realizaci\u00f3n de campa\u00f1as del comercio de la ciudad en cualquier soporte, usar la informaci\u00f3n aportada con fines estad\u00edsticos y estudios y poder publicar los resultados, as\u00ed como la posibilidad de ponernos en contacto con las empresas para realizar encuestas o recabar informaci\u00f3n adicional, el uso de nombres comerciales, marcas e im\u00e1genes para promoci\u00f3n individual o conjunta del comercio de la ciudad. Enviar informaci\u00f3n sobre los recursos y servicios de la Agencia de Colocaci\u00f3n de la Sociedad de Desarrollo. Finalmente, poder utilizar, en caso necesario, sus logos\/im\u00e1genes\/voz\/v\u00eddeo siempre cumpliendo la normativa vigente.<\/p>\n<p class=\"p1\"><strong>\u00bfPor cu\u00e1nto tiempo conservaremos sus datos?<\/strong><\/p>\n<p class=\"p1\">Mientras dure la relaci\u00f3n contractual. Durante los plazos en los que exista obligaci\u00f3n legal.<\/p>\n<p class=\"p1\"><strong>\u00bfCu\u00e1l es la legitimaci\u00f3n para el tratamiento de sus datos personales?<\/strong><\/p>\n<p class=\"p1\">Cumplir con la relaci\u00f3n contractual de participaci\u00f3n en el proyecto \u201c<strong>WEB DE PLENILUNIO SANTA CRUZ<\/strong>\u201d y consentimiento para el resto de finalidades.<\/p>\n<p class=\"p1\"><strong>\u00bfA qu\u00e9 destinatarios se comunicar\u00e1n sus datos?<\/strong><\/p>\n<p class=\"p1\">Ser\u00e1n cedidos a terceros con la finalidad de dar publicidad al proyecto y cumplir as\u00ed la finalidad del proyecto, que es dar visibilidad al comercio de la ciudad. Tambi\u00e9n podr\u00e1n ser cedidos a las administraciones p\u00fablicas en los casos en los que exista una obligaci\u00f3n legal (Administraci\u00f3n Tributaria, Seguridad Social, etc.).<\/p>\n<p class=\"p1\"><strong>\u00bfCu\u00e1les son sus derechos cuando nos facilita sus datos personales?<\/strong><\/p>\n<p class=\"p1\">Cualquier persona tiene derecho a obtener confirmaci\u00f3n sobre si estamos tratando datos personales que les conciernan, o no. Las personas interesadas tienen derecho a acceder a sus datos personales, as\u00ed como a solicitar la rectificaci\u00f3n de los datos inexactos o, en su caso, solicitar su supresi\u00f3n cuando, entre otros motivos, los datos ya no sean necesarios para los fines que fueron recogidos. En determinadas circunstancias, los interesados podr\u00e1n solicitar la limitaci\u00f3n del tratamiento de sus datos, en cuyo caso \u00fanicamente los conservaremos para el ejercicio o la defensa de reclamaciones. En determinadas circunstancias y por motivos relacionados con su situaci\u00f3n particular, los interesados podr\u00e1n oponerse al tratamiento de sus datos. Adem\u00e1s, pueden presentar reclamaciones de sus derechos ante la Autoridad de Control (<a href=\"http:\/\/www.aepd.es\/\"><span class=\"s2\">www.aepd.es<\/span><\/a>).<\/p>\n<p class=\"p1\"><strong>Pol\u00edtica de enlace<\/strong>s<\/p>\n<p class=\"p1\">El sitio web puede contener enlaces a otros sitios web con pol\u00edticas de privacidad diferentes a la de \u00e9ste. Sociedad de Desarrollo de Santa Cruz de Tenerife SAU no se hace responsable del contenido o pr\u00e1cticas de los sitios enlazados y se recomienda al usuario la lectura detallada de la pol\u00edtica de privacidad de cualquier sitio web al que acceda desde \u00e9ste.<\/p>\n<p class=\"p1\"><strong>Propiedad intelectual e industrial<\/strong><\/p>\n<p class=\"p1\">Los derechos de propiedad intelectual e industrial, derechos de explotaci\u00f3n y reproducci\u00f3n de este sitio web (p\u00e1ginas, pantallas, informaci\u00f3n, apariencia, estructura y dise\u00f1o, c\u00f3digo fuente, archivos de audio y software, as\u00ed como los v\u00ednculos) son propiedad, han sido cedidos o son objeto de licencia, a favor de Sociedad de Desarrollo de Santa Cruz de Tenerife SAU salvo que se especifique otra cosa.<\/p>\n<p class=\"p1\">La denominaci\u00f3n, el dise\u00f1o y los logotipos que componen este sitio web son marcas debidamente registradas. Su uso indebido podr\u00e1 ser perseguido de conformidad con la legislaci\u00f3n vigente.<\/p>\n<p class=\"p1\">Los derechos de propiedad intelectual y marcas de terceros est\u00e1n destacados y el usuario debe respetarlos, en cualquier caso.<\/p>\n<\/div>\n<p>[\/vc_column_text][\/vc_column][\/vc_row][vc_row unlock_row_content=&#8221;yes&#8221; row_height_percent=&#8221;0&#8243; override_padding=&#8221;yes&#8221; h_padding=&#8221;0&#8243; top_padding=&#8221;0&#8243; bottom_padding=&#8221;0&#8243; overlay_alpha=&#8221;50&#8243; gutter_size=&#8221;0&#8243; column_width_percent=&#8221;100&#8243; shift_y=&#8221;0&#8243; z_index=&#8221;0&#8243; uncode_shortcode_id=&#8221;144995&#8243; css=&#8221;.vc_custom_1725527092961{border-right-width: 0px !important;border-left-width: 0px !important;padding-right: 0px !important;padding-left: 0px !important;}&#8221; back_color_type=&#8221;uncode-solid&#8221; back_color_solid=&#8221;#34153e&#8221;][vc_column column_width_percent=&#8221;100&#8243; position_vertical=&#8221;middle&#8221; gutter_size=&#8221;3&#8243; overlay_alpha=&#8221;50&#8243; shift_x=&#8221;0&#8243; shift_y=&#8221;0&#8243; shift_y_down=&#8221;0&#8243; z_index=&#8221;0&#8243; medium_width=&#8221;0&#8243; mobile_width=&#8221;0&#8243; width=&#8221;2\/3&#8243; uncode_shortcode_id=&#8221;120726&#8243;][vc_column_text uncode_shortcode_id=&#8221;282173&#8243;]<\/p>\n<p style=\"text-align: center;\"><span style=\"color: #ffffff;\">\u00a9 2024 Plenilunio Santa Cruz. All rights reserved | <a style=\"color: #ffffff;\" href=\"https:\/\/pleniluniosantacruz.com\/aviso-legal\/\">Aviso Legal<\/a> | <a style=\"color: #ffffff;\" href=\"https:\/\/pleniluniosantacruz.com\/politica-de-privacidad\/\">Pol\u00edtica de privacidad<\/a> | <a style=\"color: #ffffff;\" href=\"https:\/\/pleniluniosantacruz.com\/politica-de-cookies-ue\/\">Pol\u00edtica de cookies<\/a><\/span><\/p>\n<p>[\/vc_column_text][\/vc_column][vc_column column_width_percent=&#8221;100&#8243; position_horizontal=&#8221;left&#8221; position_vertical=&#8221;middle&#8221; gutter_size=&#8221;3&#8243; overlay_alpha=&#8221;50&#8243; shift_x=&#8221;0&#8243; shift_y=&#8221;0&#8243; shift_y_down=&#8221;0&#8243; z_index=&#8221;0&#8243; medium_width=&#8221;0&#8243; mobile_width=&#8221;0&#8243; width=&#8221;1\/3&#8243; uncode_shortcode_id=&#8221;886631&#8243;][vc_single_image media=&#8221;141366&#8243; media_width_percent=&#8221;40&#8243; uncode_shortcode_id=&#8221;773576&#8243;][\/vc_column][\/vc_row]<\/p>\n<\/div>","protected":false},"excerpt":{"rendered":"<p>[vc_row unlock_row_content=&#8221;yes&#8221; row_height_percent=&#8221;0&#8243; override_padding=&#8221;yes&#8221; h_padding=&#8221;0&#8243; top_padding=&#8221;0&#8243; bottom_padding=&#8221;0&#8243; back_image=&#8221;141300&#8243; overlay_alpha=&#8221;50&#8243; gutter_size=&#8221;0&#8243; column_width_percent=&#8221;100&#8243; shift_y=&#8221;0&#8243; z_index=&#8221;0&#8243; uncode_shortcode_id=&#8221;801793&#8243; css=&#8221;.vc_custom_1725545981205{border-right-width: 0px !important;border-left-width: 0px !important;padding-right: 0px [&hellip;]<\/p>\n","protected":false},"author":1,"featured_media":0,"parent":0,"menu_order":0,"comment_status":"closed","ping_status":"closed","template":"","meta":{"footnotes":""},"class_list":["post-141835","page","type-page","status-publish","hentry"],"yoast_head":"<!-- This site is optimized with the Yoast SEO plugin v26.8 - https:\/\/yoast.com\/product\/yoast-seo-wordpress\/ -->\n<title>Special Offer in Accommodations - Plenilunio Santa Cruz<\/title>\n<meta name=\"description\" content=\"Take advantage of the special offer on accommodation during the Plenilunio in Santa Cruz de Tenerife. From October 4 to 6, magic awaits you!\" \/>\n<meta name=\"robots\" content=\"index, follow, max-snippet:-1, max-image-preview:large, max-video-preview:-1\" \/>\n<link rel=\"canonical\" href=\"https:\/\/pleniluniosantacruz.com\/en\/privacy-policy\/\" \/>\n<meta property=\"og:locale\" content=\"en_US\" \/>\n<meta property=\"og:type\" content=\"article\" \/>\n<meta property=\"og:title\" content=\"Special Offer in Accommodations - Plenilunio Santa Cruz\" \/>\n<meta property=\"og:description\" content=\"Take advantage of the special offer on accommodation during the Plenilunio in Santa Cruz de Tenerife. From October 4 to 6, magic awaits you!\" \/>\n<meta property=\"og:url\" content=\"https:\/\/pleniluniosantacruz.com\/en\/privacy-policy\/\" \/>\n<meta property=\"og:site_name\" content=\"Plenilunio\" \/>\n<meta property=\"article:modified_time\" content=\"2025-09-18T10:23:37+00:00\" \/>\n<meta name=\"twitter:card\" content=\"summary_large_image\" \/>\n<meta name=\"twitter:label1\" content=\"Est. reading time\" \/>\n\t<meta name=\"twitter:data1\" content=\"6 minutes\" \/>\n<script type=\"application\/ld+json\" class=\"yoast-schema-graph\">{\"@context\":\"https:\/\/schema.org\",\"@graph\":[{\"@type\":\"WebPage\",\"@id\":\"https:\/\/pleniluniosantacruz.com\/en\/privacy-policy\/\",\"url\":\"https:\/\/pleniluniosantacruz.com\/en\/privacy-policy\/\",\"name\":\"Special Offer in Accommodations - Plenilunio Santa Cruz\",\"isPartOf\":{\"@id\":\"https:\/\/pleniluniosantacruz.com\/#website\"},\"datePublished\":\"2024-09-06T11:10:20+00:00\",\"dateModified\":\"2025-09-18T10:23:37+00:00\",\"description\":\"Take advantage of the special offer on accommodation during the Plenilunio in Santa Cruz de Tenerife. From October 4 to 6, magic awaits you!\",\"breadcrumb\":{\"@id\":\"https:\/\/pleniluniosantacruz.com\/en\/privacy-policy\/#breadcrumb\"},\"inLanguage\":\"en-US\",\"potentialAction\":[{\"@type\":\"ReadAction\",\"target\":[\"https:\/\/pleniluniosantacruz.com\/en\/privacy-policy\/\"]}]},{\"@type\":\"BreadcrumbList\",\"@id\":\"https:\/\/pleniluniosantacruz.com\/en\/privacy-policy\/#breadcrumb\",\"itemListElement\":[{\"@type\":\"ListItem\",\"position\":1,\"name\":\"Portada\",\"item\":\"https:\/\/pleniluniosantacruz.com\/\"},{\"@type\":\"ListItem\",\"position\":2,\"name\":\"Privacy Policy\"}]},{\"@type\":\"WebSite\",\"@id\":\"https:\/\/pleniluniosantacruz.com\/#website\",\"url\":\"https:\/\/pleniluniosantacruz.com\/\",\"name\":\"Plenilunio\",\"description\":\"Plenilunio\",\"potentialAction\":[{\"@type\":\"SearchAction\",\"target\":{\"@type\":\"EntryPoint\",\"urlTemplate\":\"https:\/\/pleniluniosantacruz.com\/?s={search_term_string}\"},\"query-input\":{\"@type\":\"PropertyValueSpecification\",\"valueRequired\":true,\"valueName\":\"search_term_string\"}}],\"inLanguage\":\"en-US\"}]}<\/script>\n<!-- \/ Yoast SEO plugin. -->","yoast_head_json":{"title":"Special Offer in Accommodations - Plenilunio Santa Cruz","description":"Take advantage of the special offer on accommodation during the Plenilunio in Santa Cruz de Tenerife. From October 4 to 6, magic awaits you!","robots":{"index":"index","follow":"follow","max-snippet":"max-snippet:-1","max-image-preview":"max-image-preview:large","max-video-preview":"max-video-preview:-1"},"canonical":"https:\/\/pleniluniosantacruz.com\/en\/privacy-policy\/","og_locale":"en_US","og_type":"article","og_title":"Special Offer in Accommodations - Plenilunio Santa Cruz","og_description":"Take advantage of the special offer on accommodation during the Plenilunio in Santa Cruz de Tenerife. From October 4 to 6, magic awaits you!","og_url":"https:\/\/pleniluniosantacruz.com\/en\/privacy-policy\/","og_site_name":"Plenilunio","article_modified_time":"2025-09-18T10:23:37+00:00","twitter_card":"summary_large_image","twitter_misc":{"Est. reading time":"6 minutes"},"schema":{"@context":"https:\/\/schema.org","@graph":[{"@type":"WebPage","@id":"https:\/\/pleniluniosantacruz.com\/en\/privacy-policy\/","url":"https:\/\/pleniluniosantacruz.com\/en\/privacy-policy\/","name":"Special Offer in Accommodations - Plenilunio Santa Cruz","isPartOf":{"@id":"https:\/\/pleniluniosantacruz.com\/#website"},"datePublished":"2024-09-06T11:10:20+00:00","dateModified":"2025-09-18T10:23:37+00:00","description":"Take advantage of the special offer on accommodation during the Plenilunio in Santa Cruz de Tenerife. From October 4 to 6, magic awaits you!","breadcrumb":{"@id":"https:\/\/pleniluniosantacruz.com\/en\/privacy-policy\/#breadcrumb"},"inLanguage":"en-US","potentialAction":[{"@type":"ReadAction","target":["https:\/\/pleniluniosantacruz.com\/en\/privacy-policy\/"]}]},{"@type":"BreadcrumbList","@id":"https:\/\/pleniluniosantacruz.com\/en\/privacy-policy\/#breadcrumb","itemListElement":[{"@type":"ListItem","position":1,"name":"Portada","item":"https:\/\/pleniluniosantacruz.com\/"},{"@type":"ListItem","position":2,"name":"Privacy Policy"}]},{"@type":"WebSite","@id":"https:\/\/pleniluniosantacruz.com\/#website","url":"https:\/\/pleniluniosantacruz.com\/","name":"Plenilunio","description":"Plenilunio","potentialAction":[{"@type":"SearchAction","target":{"@type":"EntryPoint","urlTemplate":"https:\/\/pleniluniosantacruz.com\/?s={search_term_string}"},"query-input":{"@type":"PropertyValueSpecification","valueRequired":true,"valueName":"search_term_string"}}],"inLanguage":"en-US"}]}},"_links":{"self":[{"href":"https:\/\/pleniluniosantacruz.com\/en\/wp-json\/wp\/v2\/pages\/141835","targetHints":{"allow":["GET"]}}],"collection":[{"href":"https:\/\/pleniluniosantacruz.com\/en\/wp-json\/wp\/v2\/pages"}],"about":[{"href":"https:\/\/pleniluniosantacruz.com\/en\/wp-json\/wp\/v2\/types\/page"}],"author":[{"embeddable":true,"href":"https:\/\/pleniluniosantacruz.com\/en\/wp-json\/wp\/v2\/users\/1"}],"replies":[{"embeddable":true,"href":"https:\/\/pleniluniosantacruz.com\/en\/wp-json\/wp\/v2\/comments?post=141835"}],"version-history":[{"count":4,"href":"https:\/\/pleniluniosantacruz.com\/en\/wp-json\/wp\/v2\/pages\/141835\/revisions"}],"predecessor-version":[{"id":142552,"href":"https:\/\/pleniluniosantacruz.com\/en\/wp-json\/wp\/v2\/pages\/141835\/revisions\/142552"}],"wp:attachment":[{"href":"https:\/\/pleniluniosantacruz.com\/en\/wp-json\/wp\/v2\/media?parent=141835"}],"curies":[{"name":"wp","href":"https:\/\/api.w.org\/{rel}","templated":true}]}}